{"id":853,"date":"2020-08-05T00:00:30","date_gmt":"2020-08-05T03:00:30","guid":{"rendered":"https:\/\/icrh.com.br\/conoce-al-instituto\/"},"modified":"2023-04-24T09:35:43","modified_gmt":"2023-04-24T12:35:43","slug":"conoce-al-instituto","status":"publish","type":"page","link":"https:\/\/icrh.com.br\/es\/conoce-al-instituto\/","title":{"rendered":"Conoce al instituto"},"content":{"rendered":"\r\n<p>\u00a1Mucho gusto! Somos el brazo social del Grupo Tigre. Nuestro equipo es responsable de la gesti\u00f3n y \/ o apoyo de iniciativas dirigidas principalmente a ni\u00f1os y adolescentes, y tambi\u00e9n del desarrollo de proyectos que tienen afinidad con los negocios de Tigre, como el uso racional del agua y la atenci\u00f3n al saneamiento.<\/p>\r\n\r\n\r\n\r\n<p>&nbsp;<\/p>\r\n","protected":false},"excerpt":{"rendered":"<p>\u00a1Mucho gusto! Somos el brazo social del Grupo Tigre. Nuestro equipo es responsable de la gesti\u00f3n y \/ o apoyo de iniciativas dirigidas principalmente a ni\u00f1os y adolescentes, y tambi\u00e9n del desarrollo de proyectos que tienen afinidad con los negocios de Tigre, como el uso racional del agua y la atenci\u00f3n al saneamiento. &nbsp;<\/p>\n","protected":false},"author":1,"featured_media":0,"parent":0,"menu_order":0,"comment_status":"closed","ping_status":"closed","template":"page-institucional.php","meta":{"inline_featured_image":false,"footnotes":""},"class_list":["post-853","page","type-page","status-publish","hentry"],"jetpack_sharing_enabled":true,"_links":{"self":[{"href":"https:\/\/icrh.com.br\/es\/wp-json\/wp\/v2\/pages\/853","targetHints":{"allow":["GET"]}}],"collection":[{"href":"https:\/\/icrh.com.br\/es\/wp-json\/wp\/v2\/pages"}],"about":[{"href":"https:\/\/icrh.com.br\/es\/wp-json\/wp\/v2\/types\/page"}],"author":[{"embeddable":true,"href":"https:\/\/icrh.com.br\/es\/wp-json\/wp\/v2\/users\/1"}],"replies":[{"embeddable":true,"href":"https:\/\/icrh.com.br\/es\/wp-json\/wp\/v2\/comments?post=853"}],"version-history":[{"count":3,"href":"https:\/\/icrh.com.br\/es\/wp-json\/wp\/v2\/pages\/853\/revisions"}],"predecessor-version":[{"id":36857,"href":"https:\/\/icrh.com.br\/es\/wp-json\/wp\/v2\/pages\/853\/revisions\/36857"}],"wp:attachment":[{"href":"https:\/\/icrh.com.br\/es\/wp-json\/wp\/v2\/media?parent=853"}],"curies":[{"name":"wp","href":"https:\/\/api.w.org\/{rel}","templated":true}]}}